{"id":42,"date":"2014-09-14T19:52:32","date_gmt":"2014-09-14T19:52:32","guid":{"rendered":"http:\/\/mazury.goldap.net\/?page_id=42"},"modified":"2014-09-14T19:58:08","modified_gmt":"2014-09-14T19:58:08","slug":"strona-glowna","status":"publish","type":"page","link":"https:\/\/mazury.goldap.info\/","title":{"rendered":"strona g\u0142\u00f3wna"},"content":{"rendered":"<p align=\"justify\"><img decoding=\"async\" loading=\"lazy\" class=\"alignleft size-full wp-image-43\" src=\"http:\/\/mazury.goldap.net\/wp-content\/uploads\/2014\/09\/buczynska.jpg\" alt=\"buczynska\" width=\"198\" height=\"264\" \/>Urodzona 1 sierpnia 1950 roku w Burniszkach. Z wykszta\u0142cenia technik rolnik, z zami\u0142owania pasjonatka natury i folkloru. Wsp\u00f3\u0142tworz\u0105ca i cz\u0142onkini dzia\u0142aj\u0105cego przy Domu Kultury w Go\u0142dapi zespo\u0142u wokalnego \u201eZorza\u201d.<\/p>\n<p align=\"justify\">Maluje na p\u0142\u00f3tnie, desce, szkle u\u017cytkowym i ozdobnym, witra\u017cowo, na ceramice. U\u017cywa technik klasycznych i mieszanych. Za swoj\u0105 dzia\u0142alno\u015b\u0107 artystyczn\u0105 by\u0142a wielokrotnie nagradzana i wyr\u00f3\u017cniana. Prace Cecylii znajduj\u0105 si\u0119 w zbiorach indywidualnych kolekcjoner\u00f3w w Polsce i za granic\u0105. Pod opiek\u0105 Domu Kultury i Centrum Promocji Regionu Go\u0142dap przyczynia Si\u0119 do promocji Go\u0142dapi .<\/p>\n<p align=\"justify\">Zadebiutowa\u0142a w 1981 roku indywidualn\u0105 wystaw\u0105 malarstwa zorganizowana w Klubie Tw\u00f3rc\u00f3w Amator\u00f3w dzia\u0142aj\u0105cym przy Domu Kultury w Go\u0142dapi. Potem by\u0142y kolejne wystawy indywidualne i zbiorowe oraz plenery.<\/p>\n","protected":false},"excerpt":{"rendered":"<p>Urodzona 1 sierpnia 1950 roku w Burniszkach. Z wykszta\u0142cenia technik rolnik, z zami\u0142owania pasjonatka natury i folkloru. Wsp\u00f3\u0142tworz\u0105ca i cz\u0142onkini dzia\u0142aj\u0105cego przy Domu Kultury w Go\u0142dapi zespo\u0142u wokalnego \u201eZorza\u201d. Maluje [&hellip;]<\/p>\n","protected":false},"author":1,"featured_media":0,"parent":0,"menu_order":1,"comment_status":"closed","ping_status":"closed","template":"","meta":[],"_links":{"self":[{"href":"https:\/\/mazury.goldap.info\/index.php?rest_route=\/wp\/v2\/pages\/42"}],"collection":[{"href":"https:\/\/mazury.goldap.info\/index.php?rest_route=\/wp\/v2\/pages"}],"about":[{"href":"https:\/\/mazury.goldap.info\/index.php?rest_route=\/wp\/v2\/types\/page"}],"author":[{"embeddable":true,"href":"https:\/\/mazury.goldap.info\/index.php?rest_route=\/wp\/v2\/users\/1"}],"replies":[{"embeddable":true,"href":"https:\/\/mazury.goldap.info\/index.php?rest_route=%2Fwp%2Fv2%2Fcomments&post=42"}],"version-history":[{"count":2,"href":"https:\/\/mazury.goldap.info\/index.php?rest_route=\/wp\/v2\/pages\/42\/revisions"}],"predecessor-version":[{"id":45,"href":"https:\/\/mazury.goldap.info\/index.php?rest_route=\/wp\/v2\/pages\/42\/revisions\/45"}],"wp:attachment":[{"href":"https:\/\/mazury.goldap.info\/index.php?rest_route=%2Fwp%2Fv2%2Fmedia&parent=42"}],"curies":[{"name":"wp","href":"https:\/\/api.w.org\/{rel}","templated":true}]}}